{"id":184,"date":"2018-02-20T15:01:11","date_gmt":"2018-02-20T15:01:11","guid":{"rendered":"http:\/\/revolution.fuelthemes.net\/revolution-classic\/?page_id=184"},"modified":"2023-12-14T05:39:46","modified_gmt":"2023-12-14T05:39:46","slug":"iletisim","status":"publish","type":"page","link":"https:\/\/canhastekstil.com\/tr\/iletisim\/","title":{"rendered":"\u0130leti\u015fim"},"content":{"rendered":"[vc_row css=&#8221;.vc_custom_1519212046034{padding-top: 4vh !important;}&#8221;][vc_column css=&#8221;.vc_custom_1517861148855{padding-top: 7vh !important;padding-bottom: 4vh !important;}&#8221;]\t<div id=\"thb-slidetype-69ed02277eacc\" class=\"thb-slidetype \" data-style=\"style1\">\n\t\t\n<h1><span class=\"thb-slidetype-entry\"><span class=\"lines\">\u0130leti\u015fime Ge\u00e7!<\/span><\/span><\/h1>\n\t\t\t<\/div>\n\n\t[vc_empty_space][vc_column_text animation=&#8221;animation bottom-to-top&#8221;]Canhas Tekstil olarak, m\u00fc\u015fterilerimizin memnuniyetini \u00f6n planda tutan, y\u00fcksek kalitede tekstil \u00fcr\u00fcnleri sunmaktan gurur duyuyoruz. Siz de\u011ferli m\u00fc\u015fterilerimizin taleplerini anlamak ve ihtiya\u00e7lar\u0131n\u0131z\u0131 kar\u015f\u0131lamak i\u00e7in buraday\u0131z.[\/vc_column_text][\/vc_column][\/vc_row][vc_row css=&#8221;.vc_custom_1517861158111{padding-bottom: 6vh !important;}&#8221;][vc_column width=&#8221;2\/3&#8243; animation=&#8221;animation fade-in&#8221; css=&#8221;.vc_custom_1517593777084{padding-right: 5% !important;}&#8221;]\n<div class=\"wpcf7 no-js\" id=\"wpcf7-f197-o1\" lang=\"en-US\" dir=\"ltr\">\n<div class=\"screen-reader-response\"><p role=\"status\" aria-live=\"polite\" aria-atomic=\"true\"><\/p> <ul><\/ul><\/div>\n<form action=\"\/tr\/wp-json\/wp\/v2\/pages\/184#wpcf7-f197-o1\" method=\"post\" class=\"wpcf7-form init\" aria-label=\"Contact form\" novalidate=\"novalidate\" data-status=\"init\">\n<div style=\"display: none;\">\n<input type=\"hidden\" name=\"_wpcf7\" value=\"197\" \/>\n<input type=\"hidden\" name=\"_wpcf7_version\" value=\"5.7.7\" \/>\n<input type=\"hidden\" name=\"_wpcf7_locale\" value=\"en_US\" \/>\n<input type=\"hidden\" name=\"_wpcf7_unit_tag\" value=\"wpcf7-f197-o1\" \/>\n<input type=\"hidden\" name=\"_wpcf7_container_post\" value=\"0\" \/>\n<input type=\"hidden\" name=\"_wpcf7_posted_data_hash\" value=\"\" \/>\n<\/div>\n<div class=\"row\">\n\t<div class=\"small-12 large-6 columns\">\n\t\t<p><label>Your Name<\/label><span class=\"wpcf7-form-control-wrap\" data-name=\"your-firstname\"><input size=\"40\" class=\"wpcf7-form-control wpcf7-text wpcf7-validates-as-required full\" aria-required=\"true\" aria-invalid=\"false\" value=\"\" type=\"text\" name=\"your-firstname\" \/><\/span>\n\t\t<\/p>\n\t<\/div>\n\t<div class=\"small-12 large-6 columns\">\n\t\t<p><label>Your E-mail<\/label><span class=\"wpcf7-form-control-wrap\" data-name=\"your-email\"><input size=\"40\" class=\"wpcf7-form-control wpcf7-text wpcf7-validates-as-required full\" aria-required=\"true\" aria-invalid=\"false\" value=\"\" type=\"text\" name=\"your-email\" \/><\/span>\n\t\t<\/p>\n\t<\/div>\n\t<div class=\"small-12 columns\">\n\t\t<p><label>Your Message<\/label><span class=\"wpcf7-form-control-wrap\" data-name=\"your-message\"><textarea cols=\"40\" rows=\"10\" class=\"wpcf7-form-control wpcf7-textarea full\" aria-invalid=\"false\" name=\"your-message\"><\/textarea><\/span>\n\t\t<\/p>\n\t<\/div>\n<\/div>\n<div class=\"row\">\n\t<div class=\"small-12 columns\">\n\t\t<p><input class=\"wpcf7-form-control has-spinner wpcf7-submit btn black\" type=\"submit\" value=\"Send Message\" \/>\n\t\t<\/p>\n\t<\/div>\n<\/div><div class=\"wpcf7-response-output\" aria-hidden=\"true\"><\/div>\n<\/form>\n<\/div>\n[\/vc_column][vc_column width=&#8221;1\/3&#8243; css=&#8221;.vc_custom_1517593771591{padding-left: 5% !important;}&#8221;][vc_column_text animation=&#8221;animation right-to-left&#8221;]<strong>Merkez Ofis<\/strong><\/p>\n<p>Yenibosna Merkez Mah. Atat\u00fcrk Cad. No:14 Giri\u015f D\u00fckkan, Bah\u00e7elievler &#8211; \u0130stanbul[\/vc_column_text][vc_column_text animation=&#8221;animation right-to-left&#8221;]<strong>Telefon<\/strong><\/p>\n<p>0212 438 12 04[\/vc_column_text][vc_column_text animation=&#8221;animation right-to-left&#8221;]<strong>Faks<\/strong><\/p>\n<p>0212 438 12 08[\/vc_column_text][vc_column_text animation=&#8221;animation right-to-left&#8221;]<strong>E-Posta<\/strong><\/p>\n<p>c.hasgul@canhastekstil.com[\/vc_column_text][\/vc_column][\/vc_row][vc_row][vc_column][vc_raw_html]JTNDaWZyYW1lJTIwc3JjJTNEJTIyaHR0cHMlM0ElMkYlMkZ3d3cuZ29vZ2xlLmNvbSUyRm1hcHMlMkZlbWJlZCUzRnBiJTNEJTIxMW0xOCUyMTFtMTIlMjExbTMlMjExZDQ4MTY4LjE3NDA1NDE1MDU4JTIxMmQyOC43NTg5OTM3OTQ4NzA5JTIxM2Q0MS4wMTQwNzc3MjI5ODc1NCUyMTJtMyUyMTFmMCUyMTJmMCUyMTNmMCUyMTNtMiUyMTFpMTAyNCUyMTJpNzY4JTIxNGYxMy4xJTIxM20zJTIxMW0yJTIxMXMweDE0Y2FhNDkzYWZhNTU1NTUlMjUzQTB4NWIxNWZlYTZlOWU2ZTE4MCUyMTJzQ0FOSEFTJTI1MjBURUtTVCUyNUM0JTI1QjBMJTIxNWUwJTIxM20yJTIxMXN0ciUyMTJzdHIlMjE0djE2OTIwMzYzOTYzNzElMjE1bTIlMjExc3RyJTIxMnN0ciUyMiUyMHdpZHRoJTNEJTIyMTYwMCUyMiUyMGhlaWdodCUzRCUyMjQ1MCUyMiUyMHN0eWxlJTNEJTIyYm9yZGVyJTNBMCUzQiUyMiUyMGFsbG93ZnVsbHNjcmVlbiUzRCUyMiUyMiUyMGxvYWRpbmclM0QlMjJsYXp5JTIyJTIwcmVmZXJyZXJwb2xpY3klM0QlMjJuby1yZWZlcnJlci13aGVuLWRvd25ncmFkZSUyMiUzRSUzQyUyRmlmcmFtZSUzRQ==[\/vc_raw_html][\/vc_column][\/vc_row]\n","protected":false},"excerpt":{"rendered":"<p>[vc_row css=&#8221;.vc_custom_1519212046034{padding-top: 4vh !important;}&#8221;][vc_column css=&#8221;.vc_custom_1517861148855{padding-top: 7vh !important;padding-bottom: 4vh !important;}&#8221;][vc_empty_space][vc_column_text animation=&#8221;animation bottom-to-top&#8221;]Canhas Tekstil olarak, m\u00fc\u015fterilerimizin memnuniyetini \u00f6n planda tutan, y\u00fcksek kalitede tekstil \u00fcr\u00fcnleri sunmaktan gurur duyuyoruz. Siz de\u011ferli m\u00fc\u015fterilerimizin taleplerini anlamak ve ihtiya\u00e7lar\u0131n\u0131z\u0131 kar\u015f\u0131lamak i\u00e7in buraday\u0131z.[\/vc_column_text][\/vc_column][\/vc_row][vc_row css=&#8221;.vc_custom_1517861158111{padding-bottom: 6vh !important;}&#8221;][vc_column width=&#8221;2\/3&#8243; animation=&#8221;animation fade-in&#8221; css=&#8221;.vc_custom_1517593777084{padding-right: 5% !important;}&#8221;][\/vc_column][vc_column width=&#8221;1\/3&#8243; css=&#8221;.vc_custom_1517593771591{padding-left: 5% !important;}&#8221;][vc_column_text animation=&#8221;animation right-to-left&#8221;]Merkez Ofis Yenibosna Merkez Mah. Atat\u00fcrk&hellip;<\/p>\n","protected":false},"author":1,"featured_media":0,"parent":0,"menu_order":0,"comment_status":"closed","ping_status":"closed","template":"","meta":{"footnotes":""},"class_list":["post-184","page","type-page","status-publish","hentry"],"_links":{"self":[{"href":"https:\/\/canhastekstil.com\/tr\/wp-json\/wp\/v2\/pages\/184","targetHints":{"allow":["GET"]}}],"collection":[{"href":"https:\/\/canhastekstil.com\/tr\/wp-json\/wp\/v2\/pages"}],"about":[{"href":"https:\/\/canhastekstil.com\/tr\/wp-json\/wp\/v2\/types\/page"}],"author":[{"embeddable":true,"href":"https:\/\/canhastekstil.com\/tr\/wp-json\/wp\/v2\/users\/1"}],"replies":[{"embeddable":true,"href":"https:\/\/canhastekstil.com\/tr\/wp-json\/wp\/v2\/comments?post=184"}],"version-history":[{"count":8,"href":"https:\/\/canhastekstil.com\/tr\/wp-json\/wp\/v2\/pages\/184\/revisions"}],"predecessor-version":[{"id":759,"href":"https:\/\/canhastekstil.com\/tr\/wp-json\/wp\/v2\/pages\/184\/revisions\/759"}],"wp:attachment":[{"href":"https:\/\/canhastekstil.com\/tr\/wp-json\/wp\/v2\/media?parent=184"}],"curies":[{"name":"wp","href":"https:\/\/api.w.org\/{rel}","templated":true}]}}